{"id":591,"date":"2017-02-03T08:25:31","date_gmt":"2017-02-03T08:25:31","guid":{"rendered":"http:\/\/www.krumedia.com\/blog\/"},"modified":"2021-04-23T12:24:47","modified_gmt":"2021-04-23T10:24:47","slug":"blog","status":"publish","type":"page","link":"https:\/\/www.krumedia.com\/en\/blog\/","title":{"rendered":"Blog"},"content":{"rendered":"","protected":false},"excerpt":{"rendered":"","protected":false},"author":1,"featured_media":593,"parent":0,"menu_order":3,"comment_status":"closed","ping_status":"closed","template":"","meta":{"footnotes":""},"class_list":["post-591","page","type-page","status-publish","has-post-thumbnail","hentry"],"yoast_head":"<!-- This site is optimized with the Yoast SEO plugin v26.8 - https:\/\/yoast.com\/product\/yoast-seo-wordpress\/ -->\n<title>Blog - krumedia<\/title>\n<meta name=\"description\" content=\"Unser Blog berichtet regelm\u00e4\u00dfige \u00fcber unser Unternehmen und unsere L\u00f6sungen im Bereich Energiemanagement und Industrie 4.0\" \/>\n<meta name=\"robots\" content=\"index, follow, max-snippet:-1, max-image-preview:large, max-video-preview:-1\" \/>\n<link rel=\"canonical\" href=\"https:\/\/www.krumedia.com\/en\/blog\/\" \/>\n<meta property=\"og:locale\" content=\"en_US\" \/>\n<meta property=\"og:type\" content=\"article\" \/>\n<meta property=\"og:title\" content=\"Blog - krumedia\" \/>\n<meta property=\"og:description\" content=\"Unser Blog berichtet regelm\u00e4\u00dfige \u00fcber unser Unternehmen und unsere L\u00f6sungen im Bereich Energiemanagement und Industrie 4.0\" \/>\n<meta property=\"og:url\" content=\"https:\/\/www.krumedia.com\/en\/blog\/\" \/>\n<meta property=\"og:site_name\" content=\"krumedia\" \/>\n<meta property=\"article:publisher\" content=\"https:\/\/www.facebook.com\/krumedia\/\" \/>\n<meta property=\"article:modified_time\" content=\"2021-04-23T10:24:47+00:00\" \/>\n<meta property=\"og:image\" content=\"https:\/\/www.krumedia.com\/wp-content\/uploads\/2017\/02\/blog.jpg\" \/>\n\t<meta property=\"og:image:width\" content=\"1820\" \/>\n\t<meta property=\"og:image:height\" content=\"400\" \/>\n\t<meta property=\"og:image:type\" content=\"image\/jpeg\" \/>\n<meta name=\"twitter:card\" content=\"summary_large_image\" \/>\n<script type=\"application\/ld+json\" class=\"yoast-schema-graph\">{\"@context\":\"https:\/\/schema.org\",\"@graph\":[{\"@type\":\"WebPage\",\"@id\":\"https:\/\/www.krumedia.com\/en\/blog\/\",\"url\":\"https:\/\/www.krumedia.com\/en\/blog\/\",\"name\":\"Blog - krumedia\",\"isPartOf\":{\"@id\":\"https:\/\/www.krumedia.com\/#website\"},\"primaryImageOfPage\":{\"@id\":\"https:\/\/www.krumedia.com\/en\/blog\/#primaryimage\"},\"image\":{\"@id\":\"https:\/\/www.krumedia.com\/en\/blog\/#primaryimage\"},\"thumbnailUrl\":\"https:\/\/www.krumedia.com\/wp-content\/uploads\/2017\/02\/blog.jpg\",\"datePublished\":\"2017-02-03T08:25:31+00:00\",\"dateModified\":\"2021-04-23T10:24:47+00:00\",\"description\":\"Unser Blog berichtet regelm\u00e4\u00dfige \u00fcber unser Unternehmen und unsere L\u00f6sungen im Bereich Energiemanagement und Industrie 4.0\",\"breadcrumb\":{\"@id\":\"https:\/\/www.krumedia.com\/en\/blog\/#breadcrumb\"},\"inLanguage\":\"en-US\",\"potentialAction\":[{\"@type\":\"ReadAction\",\"target\":[\"https:\/\/www.krumedia.com\/en\/blog\/\"]}]},{\"@type\":\"ImageObject\",\"inLanguage\":\"en-US\",\"@id\":\"https:\/\/www.krumedia.com\/en\/blog\/#primaryimage\",\"url\":\"https:\/\/www.krumedia.com\/wp-content\/uploads\/2017\/02\/blog.jpg\",\"contentUrl\":\"https:\/\/www.krumedia.com\/wp-content\/uploads\/2017\/02\/blog.jpg\",\"width\":1820,\"height\":400,\"caption\":\"krumedia-Blog\"},{\"@type\":\"BreadcrumbList\",\"@id\":\"https:\/\/www.krumedia.com\/en\/blog\/#breadcrumb\",\"itemListElement\":[{\"@type\":\"ListItem\",\"position\":1,\"name\":\"Home\",\"item\":\"https:\/\/www.krumedia.com\/en\/\"},{\"@type\":\"ListItem\",\"position\":2,\"name\":\"Blog\"}]},{\"@type\":\"WebSite\",\"@id\":\"https:\/\/www.krumedia.com\/#website\",\"url\":\"https:\/\/www.krumedia.com\/\",\"name\":\"krumedia\",\"description\":\"Die Energiedatenexperten\",\"publisher\":{\"@id\":\"https:\/\/www.krumedia.com\/#organization\"},\"potentialAction\":[{\"@type\":\"SearchAction\",\"target\":{\"@type\":\"EntryPoint\",\"urlTemplate\":\"https:\/\/www.krumedia.com\/?s={search_term_string}\"},\"query-input\":{\"@type\":\"PropertyValueSpecification\",\"valueRequired\":true,\"valueName\":\"search_term_string\"}}],\"inLanguage\":\"en-US\"},{\"@type\":\"Organization\",\"@id\":\"https:\/\/www.krumedia.com\/#organization\",\"name\":\"krumedia GmbH\",\"url\":\"https:\/\/www.krumedia.com\/\",\"logo\":{\"@type\":\"ImageObject\",\"inLanguage\":\"en-US\",\"@id\":\"https:\/\/www.krumedia.com\/#\/schema\/logo\/image\/\",\"url\":\"https:\/\/www.krumedia.com\/wp-content\/uploads\/2017\/05\/krumedia_logo_retina.png\",\"contentUrl\":\"https:\/\/www.krumedia.com\/wp-content\/uploads\/2017\/05\/krumedia_logo_retina.png\",\"width\":258,\"height\":59,\"caption\":\"krumedia GmbH\"},\"image\":{\"@id\":\"https:\/\/www.krumedia.com\/#\/schema\/logo\/image\/\"},\"sameAs\":[\"https:\/\/www.facebook.com\/krumedia\/\"]}]}<\/script>\n<!-- \/ Yoast SEO plugin. -->","yoast_head_json":{"title":"Blog - krumedia","description":"Unser Blog berichtet regelm\u00e4\u00dfige \u00fcber unser Unternehmen und unsere L\u00f6sungen im Bereich Energiemanagement und Industrie 4.0","robots":{"index":"index","follow":"follow","max-snippet":"max-snippet:-1","max-image-preview":"max-image-preview:large","max-video-preview":"max-video-preview:-1"},"canonical":"https:\/\/www.krumedia.com\/en\/blog\/","og_locale":"en_US","og_type":"article","og_title":"Blog - krumedia","og_description":"Unser Blog berichtet regelm\u00e4\u00dfige \u00fcber unser Unternehmen und unsere L\u00f6sungen im Bereich Energiemanagement und Industrie 4.0","og_url":"https:\/\/www.krumedia.com\/en\/blog\/","og_site_name":"krumedia","article_publisher":"https:\/\/www.facebook.com\/krumedia\/","article_modified_time":"2021-04-23T10:24:47+00:00","og_image":[{"width":1820,"height":400,"url":"https:\/\/www.krumedia.com\/wp-content\/uploads\/2017\/02\/blog.jpg","type":"image\/jpeg"}],"twitter_card":"summary_large_image","schema":{"@context":"https:\/\/schema.org","@graph":[{"@type":"WebPage","@id":"https:\/\/www.krumedia.com\/en\/blog\/","url":"https:\/\/www.krumedia.com\/en\/blog\/","name":"Blog - krumedia","isPartOf":{"@id":"https:\/\/www.krumedia.com\/#website"},"primaryImageOfPage":{"@id":"https:\/\/www.krumedia.com\/en\/blog\/#primaryimage"},"image":{"@id":"https:\/\/www.krumedia.com\/en\/blog\/#primaryimage"},"thumbnailUrl":"https:\/\/www.krumedia.com\/wp-content\/uploads\/2017\/02\/blog.jpg","datePublished":"2017-02-03T08:25:31+00:00","dateModified":"2021-04-23T10:24:47+00:00","description":"Unser Blog berichtet regelm\u00e4\u00dfige \u00fcber unser Unternehmen und unsere L\u00f6sungen im Bereich Energiemanagement und Industrie 4.0","breadcrumb":{"@id":"https:\/\/www.krumedia.com\/en\/blog\/#breadcrumb"},"inLanguage":"en-US","potentialAction":[{"@type":"ReadAction","target":["https:\/\/www.krumedia.com\/en\/blog\/"]}]},{"@type":"ImageObject","inLanguage":"en-US","@id":"https:\/\/www.krumedia.com\/en\/blog\/#primaryimage","url":"https:\/\/www.krumedia.com\/wp-content\/uploads\/2017\/02\/blog.jpg","contentUrl":"https:\/\/www.krumedia.com\/wp-content\/uploads\/2017\/02\/blog.jpg","width":1820,"height":400,"caption":"krumedia-Blog"},{"@type":"BreadcrumbList","@id":"https:\/\/www.krumedia.com\/en\/blog\/#breadcrumb","itemListElement":[{"@type":"ListItem","position":1,"name":"Home","item":"https:\/\/www.krumedia.com\/en\/"},{"@type":"ListItem","position":2,"name":"Blog"}]},{"@type":"WebSite","@id":"https:\/\/www.krumedia.com\/#website","url":"https:\/\/www.krumedia.com\/","name":"krumedia","description":"Die Energiedatenexperten","publisher":{"@id":"https:\/\/www.krumedia.com\/#organization"},"potentialAction":[{"@type":"SearchAction","target":{"@type":"EntryPoint","urlTemplate":"https:\/\/www.krumedia.com\/?s={search_term_string}"},"query-input":{"@type":"PropertyValueSpecification","valueRequired":true,"valueName":"search_term_string"}}],"inLanguage":"en-US"},{"@type":"Organization","@id":"https:\/\/www.krumedia.com\/#organization","name":"krumedia GmbH","url":"https:\/\/www.krumedia.com\/","logo":{"@type":"ImageObject","inLanguage":"en-US","@id":"https:\/\/www.krumedia.com\/#\/schema\/logo\/image\/","url":"https:\/\/www.krumedia.com\/wp-content\/uploads\/2017\/05\/krumedia_logo_retina.png","contentUrl":"https:\/\/www.krumedia.com\/wp-content\/uploads\/2017\/05\/krumedia_logo_retina.png","width":258,"height":59,"caption":"krumedia GmbH"},"image":{"@id":"https:\/\/www.krumedia.com\/#\/schema\/logo\/image\/"},"sameAs":["https:\/\/www.facebook.com\/krumedia\/"]}]}},"_links":{"self":[{"href":"https:\/\/www.krumedia.com\/en\/wp-json\/wp\/v2\/pages\/591\/"}],"collection":[{"href":"https:\/\/www.krumedia.com\/en\/wp-json\/wp\/v2\/pages\/"}],"about":[{"href":"https:\/\/www.krumedia.com\/en\/wp-json\/wp\/v2\/types\/page\/"}],"author":[{"embeddable":true,"href":"https:\/\/www.krumedia.com\/en\/wp-json\/wp\/v2\/users\/1\/"}],"replies":[{"embeddable":true,"href":"https:\/\/www.krumedia.com\/en\/wp-json\/wp\/v2\/comments\/?post=591"}],"version-history":[{"count":1,"href":"https:\/\/www.krumedia.com\/en\/wp-json\/wp\/v2\/pages\/591\/revisions\/"}],"predecessor-version":[{"id":594,"href":"https:\/\/www.krumedia.com\/en\/wp-json\/wp\/v2\/pages\/591\/revisions\/594\/"}],"wp:featuredmedia":[{"embeddable":true,"href":"https:\/\/www.krumedia.com\/en\/wp-json\/wp\/v2\/media\/593\/"}],"wp:attachment":[{"href":"https:\/\/www.krumedia.com\/en\/wp-json\/wp\/v2\/media\/?parent=591"}],"curies":[{"name":"wp","href":"https:\/\/api.w.org\/{rel}","templated":true}]}}